{"id":225858,"date":"2026-02-09T15:57:35","date_gmt":"2026-02-09T14:57:35","guid":{"rendered":"https:\/\/www.mitchellspp.net\/?page_id=225858"},"modified":"2026-02-11T09:19:37","modified_gmt":"2026-02-11T08:19:37","slug":"politica-de-privacidad","status":"publish","type":"page","link":"https:\/\/www.mitchellspp.net\/es\/politica-de-privacidad","title":{"rendered":"Pol\u00edtica de privacidad"},"content":{"rendered":"\n<h2 class=\"wp-block-heading\" style=\"margin-top:var(--wp--preset--spacing--30);margin-right:0;margin-bottom:var(--wp--preset--spacing--30);margin-left:0;text-transform:uppercase\">Pol\u00edtica de privacidad<\/h2>\n\n\n\n<p>El&nbsp;<strong>Usuario<\/strong>&nbsp;que quiera facilitar sus datos de car\u00e1cter personal a trav\u00e9s de esta p\u00e1gina Web debe ser mayor de edad.<\/p>\n\n\n\n<p>A los efectos de la LOPD, se informa a los Usuarios que los datos obtenidos a trav\u00e9s de la cumplimentaci\u00f3n de los distintos formularios de la p\u00e1gina Web ser\u00e1n objeto de tratamiento automatizado e incorporados en un fichero automatizado debidamente inscrito en el Registro General de Protecci\u00f3n de Datos, cuyo responsable y destinatario es IBERIAN PENINSULAR PROPERTIES, S.L, con CIF: B92466499, en adelante \u201cMPP\u201d, y domicilio social en Avda. Las Gaviotas n\u00ba3, local A-2, 29640, Fuengirola, M\u00e1laga (Espa\u00f1a) y direcci\u00f3n de correo electr\u00f3nico&nbsp;<a href=\"https:\/\/www.mitchellspp.com\/info@mitchellspp.com\" target=\"_blank\" rel=\"noopener\">info@mitchellspp.com<\/a>. La finalidad del formulario cumplimentado es:<\/p>\n\n\n\n<ul class=\"wp-block-list\">\n<li>Obtenci\u00f3n de los datos necesarios del Usuario para el env\u00edo de informaci\u00f3n y respecto a las consultas o informaci\u00f3n de servicios solicitada por los usuarios Los datos recogidos en el formulario de la pesta\u00f1a \u201cCONTACTO\u201d son el nombre del solicitante, tel\u00e9fono e email de contacto y los datos que se faciliten para poder facilitar la informaci\u00f3n sobre el servicio consultado.<br>El Usuario dar\u00e1 su consentimiento expreso para que MPP pueda tratar sus datos de car\u00e1cter personal, de acuerdo con las condiciones descritas en este apartado, cuando haga clic en el \u201cAcepto\u201d del formulario y, posteriormente, proceda a \u201cEnviar\u201d el mismo.<\/li>\n\n\n\n<li>Desarrollar acciones comerciales en general, y en particular, ofrecer y\/o recomendar servicios de la empresa, que puedan resultar de inter\u00e9s, teniendo en cuenta las preferencias de b\u00fasqueda realizadas. La recomendaci\u00f3n de servicios podr\u00e1 basarse en un perfil obtenido de un tratamiento automatizado de datos, \u00fanicamente se valorar\u00e1 en base a servicios o consultas previamente solicitados.<\/li>\n<\/ul>\n\n\n\n<p><strong>\u00bfCU\u00c1NTO TIEMPO MANTENDREMOS SUS DATOS PERSONALES?<\/strong><\/p>\n\n\n\n<p>Conservaremos sus datos mientras se mantenga la finalidad para la que han sido recabados y no solicite la cancelaci\u00f3n de los mismos de nuestros ficheros. Cuando ya no sea necesario para tal fin o nos solicite la cancelaci\u00f3n de los mismos, mantendremos bloqueados aquellos datos que puedan resultar necesarios durante los plazos legalmente establecidos para atender cualquier cuesti\u00f3n relativa a su tratamiento, hasta un m\u00e1ximo de 1 a\u00f1o. Transcurridos los plazos legales, se suprimir\u00e1n los datos personales adoptando las medidas de seguridad adecuadas que garanticen la destrucci\u00f3n total de los mismos.<\/p>\n\n\n\n<p><strong>MEDIDAS DE SEGURIDAD<\/strong><\/p>\n\n\n\n<p>El responsable del fichero ha adoptado los niveles de seguridad de protecci\u00f3n de los Datos Personales legalmente requeridos, y ha instalado&nbsp; todos los medios y medidas t\u00e9cnicas a disposici\u00f3n seg\u00fan el estado de la tecnolog\u00eda para evitar la p\u00e9rdida, mal uso, alteraci\u00f3n, acceso no&nbsp; autorizado y robo de los Datos Personales facilitados.&nbsp;<\/p>\n\n\n\n<p><strong>\u00bfQU\u00c9 DERECHOS TIENE SUS DATOS Y COMO PUEDE EJERCERLOS?<\/strong><\/p>\n\n\n\n<p>Junto al derecho a ser informado de la forma en la que lo estamos haciendo en esta cl\u00e1usula, tiene los siguientes derechos:<\/p>\n\n\n\n<ul class=\"wp-block-list\">\n<li>Derechos de acceso para conocer qu\u00e9 datos suyos est\u00e1n siendo tratados, con qu\u00e9 finalidades, el origen de los mismos y si los comunicamos o hemos comunicado a terceros<\/li>\n\n\n\n<li>Derecho de modificaci\u00f3n de sus datos cuando los mismos est\u00e9n incompletos o sean inexactos;<\/li>\n\n\n\n<li>Derecho de supresi\u00f3n de sus datos si ha desaparecido el fin para el que los facilitaste, el tratamiento no es l\u00edcito, o revocar su consentimiento y dem\u00e1s supuestos previstos en la ley<\/li>\n\n\n\n<li>Derecho de oposici\u00f3n para evitar que tratemos sus datos con determinadas finalidades, o solicitar que dejemos de hacerlo aunque s\u00f3lo es posible en los casos que establece la ley<\/li>\n\n\n\n<li>Derecho a solicitar la limitaci\u00f3n del tratamiento mientras se comprueba la impugnaci\u00f3n de la exactitud de los mismos, o entiende que el tratamiento es il\u00edcito y se opone a la supresi\u00f3n de los datos, o IPPSPAIN ya no necesita los datos pero los necesita para la formulaci\u00f3n, ejercicio o defensa de reclamaciones, o se ha opuesto al tratamiento de los mismos para la satisfacci\u00f3n de un inter\u00e9s leg\u00edtimo mientras se verifica la existencia del citado inter\u00e9s y su prevalencia sobre los suyos<\/li>\n\n\n\n<li>Derecho a la portabilidad para recibir sus datos en un formato electr\u00f3nico estructurado y de uso habitual y poder transmitirlos a otro responsable<\/li>\n\n\n\n<li>Derecho a no ser objeto de decisiones individuales automatizadas con el fin de que no tomemos una decisi\u00f3n sobre usted basada solo en el tratamiento de tus datos que produzca efectos jur\u00eddicos en tu esfera personal o te afecte de forma similar.<\/li>\n<\/ul>\n\n\n\n<p>Para el ejercicio de cualquier de estos derechos puede dirigirse por escrito a IPPSPAIN, Avda. Las Gaviotas n\u00ba3, local A-2, 29640, Fuengirola, M\u00e1laga (Espa\u00f1a) o al email&nbsp;<a href=\"https:\/\/www.mitchellspp.com\/info@mitchellspp.com\" target=\"_blank\" rel=\"noopener\">info@mitchellspp.com<\/a>&nbsp;previa acreditaci\u00f3n de su identidad. Asimismo le informamos de su derecho a presentar una reclamaci\u00f3n a trav\u00e9s del e-mail info@mitchellspp.com o ante la Agencia de Protecci\u00f3n de Datos (www.agpd.es) si entiende que no ha obtenido satisfacci\u00f3n en el ejercicio de sus derechos.<\/p>\n\n\n\n<h2 class=\"wp-block-heading\" style=\"margin-top:var(--wp--preset--spacing--30);margin-bottom:var(--wp--preset--spacing--30)\">Aviso Legal<\/h2>\n\n\n\n<p>De acuerdo con el Art. 10 de la Ley 34\/2002 de 11 de julio de Servicios de la Sociedad de la Informaci\u00f3n y de Comercio Electr\u00f3nico ponemos disposici\u00f3n los siguientes datos: El titular de la p\u00e1gina Web&nbsp; www.mitchellspp.com &nbsp;es la Entidad IBERIAN PENINSULAR PROPERTIES, S.L, en adelante \u201cMITCHELLSPP\u201d, con CIF: B92466499 y domicilio social en Avda. Las Gaviotas n\u00ba3, local A-2, 29640, Fuengirola, M\u00e1laga (Espa\u00f1a) y direcci\u00f3n de correo electr\u00f3nico&nbsp;<a href=\"https:\/\/www.mitchellspp.com\/info@mitchellspp.com\" target=\"_blank\" rel=\"noopener\">info@mitchellspp.com<\/a>.<\/p>\n\n\n\n<p>MITCHELLSPP informa a los usuarios de la p\u00e1gina Web que cumple con la vigente legislaci\u00f3n espa\u00f1ola y, en especial, con el REGLAMENTO (UE) 2016\/679 DEL PARLAMENTO EUROPEO Y DEL CONSEJO de 27 de abril de 2016, de Protecci\u00f3n de Datos de Car\u00e1cter Persona y la Ley Org\u00e1nica de Protecci\u00f3n de Datos de Car\u00e1cter Personal (en adelante, LOPD) y la Ley 34\/2002 de 11 de julio de Servicios de la Sociedad de la Informaci\u00f3n y del Comercio Electr\u00f3nico (en adelante, LSSICE).<\/p>\n\n\n\n<p>En consecuencia, pone en conocimiento del Usuario las condiciones de acceso y uso de la p\u00e1gina Web reflejadas en la parte superior.<\/p>\n\n\n\n<p><strong>Reglas generales<\/strong><\/p>\n\n\n\n<p>La utilizaci\u00f3n de esta p\u00e1gina Web implica la atribuci\u00f3n de la condici\u00f3n de \u201cUsuario\u201d y, en su caso, la aceptaci\u00f3n plena de todas las disposiciones incluidas en este \u201cAviso Legal\u201d desde el mismo momento en que se accede a la p\u00e1gina Web.<\/p>\n\n\n\n<p>Las presentes condiciones son las vigentes desde la fecha de su \u00faltima actualizaci\u00f3n. MITCHELLSPP se reserva el derecho a modificarlas en cualquier momento y sin preaviso, en cuyo caso entrar\u00e1n en vigor desde su publicaci\u00f3n y ser\u00e1n aplicables a todos los Usuarios del portal desde esa fecha. Por ello, MITCHELLSPP recomienda a los Usuarios que cada vez que quieran entrar y hacer uso de la p\u00e1gina Web lean detenidamente el contenido del presente \u201cAviso Legal\u201d.<\/p>\n\n\n\n<p>Todos los servicios relacionados con esta Web son de acceso p\u00fablico y gratuitos, excepto el coste de la conexi\u00f3n a trav\u00e9s de la red de telecomunicaciones suministrado por el proveedor contratado por su cuenta.<\/p>\n\n\n\n<p style=\"margin-bottom:var(--wp--preset--spacing--50)\">El acceso y\/o uso&nbsp; de&nbsp; este&nbsp; portal&nbsp; de&nbsp;MITCHELLSPP&nbsp;atribuye la condici\u00f3n&nbsp; de USUARIO, que acepta, desde dicho acceso y\/ o uso, las Condiciones Generales de Uso aqu\u00ed reflejadas. Las citadas Condiciones ser\u00e1n de aplicaci\u00f3n independientemente de las Condiciones Generales de Contrataci\u00f3n que en su caso resulten de obligado &nbsp;cumplimiento.<\/p>\n","protected":false},"excerpt":{"rendered":"<p>Pol\u00edtica de privacidad El&nbsp;Usuario&nbsp;que quiera facilitar sus datos de car\u00e1cter personal a trav\u00e9s de esta p\u00e1gina Web debe ser mayor de edad. A los efectos de la LOPD, se informa a los Usuarios que los datos obtenidos a trav\u00e9s de la cumplimentaci\u00f3n de los distintos formularios de la p\u00e1gina Web ser\u00e1n objeto de tratamiento automatizado [&hellip;]<\/p>\n","protected":false},"author":8,"featured_media":0,"parent":0,"menu_order":0,"comment_status":"closed","ping_status":"closed","template":"fixed-header-page","meta":{"_acf_changed":false,"footnotes":""},"class_list":["post-225858","page","type-page","status-publish","hentry"],"acf":[],"_links":{"self":[{"href":"https:\/\/www.mitchellspp.net\/es\/wp-json\/wp\/v2\/pages\/225858","targetHints":{"allow":["GET"]}}],"collection":[{"href":"https:\/\/www.mitchellspp.net\/es\/wp-json\/wp\/v2\/pages"}],"about":[{"href":"https:\/\/www.mitchellspp.net\/es\/wp-json\/wp\/v2\/types\/page"}],"author":[{"embeddable":true,"href":"https:\/\/www.mitchellspp.net\/es\/wp-json\/wp\/v2\/users\/8"}],"replies":[{"embeddable":true,"href":"https:\/\/www.mitchellspp.net\/es\/wp-json\/wp\/v2\/comments?post=225858"}],"version-history":[{"count":3,"href":"https:\/\/www.mitchellspp.net\/es\/wp-json\/wp\/v2\/pages\/225858\/revisions"}],"predecessor-version":[{"id":225947,"href":"https:\/\/www.mitchellspp.net\/es\/wp-json\/wp\/v2\/pages\/225858\/revisions\/225947"}],"wp:attachment":[{"href":"https:\/\/www.mitchellspp.net\/es\/wp-json\/wp\/v2\/media?parent=225858"}],"curies":[{"name":"wp","href":"https:\/\/api.w.org\/{rel}","templated":true}]}}