{"id":225805,"date":"2024-04-23T12:53:20","date_gmt":"2024-04-23T10:53:20","guid":{"rendered":"https:\/\/www.mitchellspp.net\/about-us"},"modified":"2026-02-24T12:02:08","modified_gmt":"2026-02-24T11:02:08","slug":"sobre-nosotros","status":"publish","type":"page","link":"https:\/\/www.mitchellspp.net\/es\/sobre-nosotros","title":{"rendered":"Sobre nosotros"},"content":{"rendered":"\n<figure class=\"wp-block-image aligncenter size-full wp-duotone-duotone-2\" style=\"margin-bottom:var(--wp--preset--spacing--40)\"><img loading=\"lazy\" decoding=\"async\" width=\"2560\" height=\"1753\" src=\"https:\/\/www.mitchellspp.net\/wp-content\/uploads\/2026\/01\/about-us-scaled.jpg\" alt=\"\" class=\"wp-image-225714\" style=\"object-fit:cover\" srcset=\"https:\/\/www.mitchellspp.net\/wp-content\/uploads\/2026\/01\/about-us-scaled.jpg 2560w, https:\/\/www.mitchellspp.net\/wp-content\/uploads\/2026\/01\/about-us-300x205.jpg 300w, https:\/\/www.mitchellspp.net\/wp-content\/uploads\/2026\/01\/about-us-1024x701.jpg 1024w, https:\/\/www.mitchellspp.net\/wp-content\/uploads\/2026\/01\/about-us-768x526.jpg 768w, https:\/\/www.mitchellspp.net\/wp-content\/uploads\/2026\/01\/about-us-1536x1052.jpg 1536w, https:\/\/www.mitchellspp.net\/wp-content\/uploads\/2026\/01\/about-us-2048x1403.jpg 2048w\" sizes=\"auto, (max-width: 2560px) 100vw, 2560px\" \/><\/figure>\n\n\n\n<h1 class=\"wp-block-heading has-text-align-center\" style=\"margin-top:var(--wp--preset--spacing--40);margin-bottom:var(--wp--preset--spacing--40);font-style:normal;font-weight:400;text-transform:uppercase\">Sobre nosotros<\/h1>\n\n\n\n<div class=\"wp-block-group jaleo-60-content-conatiner has-global-padding is-layout-constrained wp-container-core-group-is-layout-7778f7db wp-block-group-is-layout-constrained\" style=\"margin-bottom:var(--wp--preset--spacing--40);padding-right:0;padding-left:0\">\n<p class=\"has-small-font-size\" style=\"margin-top:0;margin-bottom:0.5rem\"><strong><strong>\u00bfPor qu\u00e9 trabajar con Mitchells?<\/strong><\/strong><\/p>\n\n\n\n<p><strong>Mitchell&#8217;s Prestige Properties<\/strong>&nbsp;es una agencia inmobiliaria de lujo en la Costa del Sol, fundada por Dixie Mitchell, una experta con m\u00e1s de 20 a\u00f1os de experiencia en el sector. Nos especializamos en atender a clientes que buscan propiedades para una segunda residencia, inversiones rentables o simplemente un cambio de estilo de vida en esta hermosa regi\u00f3n, abarcando toda la zona desde M\u00e1laga hasta Sotogrande.<\/p>\n\n\n\n<p>Nuestro compromiso con la privacidad y la exclusividad de nuestros clientes nos ha ganado la confianza de figuras destacadas, incluyendo directores de empresas, pol\u00edticos, estrellas de cine y televisi\u00f3n, y futbolistas de renombre. Con un equipo multiling\u00fce, que domina el espa\u00f1ol, ingl\u00e9s, h\u00fangaro y escandinavo, garantizamos una comunicaci\u00f3n fluida y un servicio excepcional durante todo el proceso de compra de su propiedad.&#8221;<\/p>\n\n\n\n<p>En&nbsp;<strong>Mitchell&#8217;s Prestige Properties<\/strong>, nos comprometemos a hacer que el proceso de compra de su propiedad en Espa\u00f1a sea tan sencillo como placentero, adaptando nuestros servicios a las necesidades y sue\u00f1os de cada cliente. Descubra con nosotros el lujo, la exclusividad y el estilo de vida incomparable de la Costa del Sol. \u00a1Perm\u00edtanos acompa\u00f1arlo en la creaci\u00f3n de su nuevo hogar hoy mismo!<\/p>\n<\/div>\n\n\n\n<div class=\"wp-block-group jaleo-60-content-conatiner has-global-padding is-layout-constrained wp-block-group-is-layout-constrained\" style=\"margin-bottom:var(--wp--preset--spacing--40)\">\n<h2 class=\"wp-block-heading has-small-font-size\" style=\"margin-top:0;margin-bottom:0.5rem\"><strong><strong><strong>\u00bfQu\u00e9 nos diferencia?<\/strong><\/strong><\/strong><\/h2>\n\n\n\n<p>Con m\u00e1s de 20 a\u00f1os de experiencia a lo largo de la Costa del Sol, en&nbsp;<strong>Mitchell&#8217;s Prestige Properties<\/strong>&nbsp;hemos construido una s\u00f3lida red de conexiones para asistir a nuestros clientes en todos los aspectos de sus transacciones inmobiliarias, tanto antes, durante como despu\u00e9s de la venta. Trabajamos de la mano con un grupo selecto de profesionales de confianza, que ofrecen servicios especializados en \u00e1reas clave como asesor\u00eda jur\u00eddica, contabilidad, transferencias internacionales de dinero, seguros, banca e hipotecas, as\u00ed como la gesti\u00f3n de documentaci\u00f3n oficial e identificaci\u00f3n. Nuestro objetivo es proporcionar un servicio integral y sin complicaciones, asegurando una experiencia \u00fanica para cada cliente.<\/p>\n<\/div>\n\n\n\n<figure class=\"wp-block-image aligncenter size-full wp-duotone-duotone-2\" style=\"margin-bottom:var(--wp--preset--spacing--40)\"><img loading=\"lazy\" decoding=\"async\" width=\"1500\" height=\"500\" src=\"https:\/\/www.mitchellspp.net\/wp-content\/uploads\/2026\/01\/about-us-1.jpg\" alt=\"\" class=\"wp-image-225712\" style=\"object-fit:cover\" srcset=\"https:\/\/www.mitchellspp.net\/wp-content\/uploads\/2026\/01\/about-us-1.jpg 1500w, https:\/\/www.mitchellspp.net\/wp-content\/uploads\/2026\/01\/about-us-1-300x100.jpg 300w, https:\/\/www.mitchellspp.net\/wp-content\/uploads\/2026\/01\/about-us-1-1024x341.jpg 1024w, https:\/\/www.mitchellspp.net\/wp-content\/uploads\/2026\/01\/about-us-1-768x256.jpg 768w\" sizes=\"auto, (max-width: 1500px) 100vw, 1500px\" \/><\/figure>\n\n\n\n<div class=\"wp-block-group jaleo-60-content-conatiner has-global-padding is-layout-constrained wp-block-group-is-layout-constrained\" style=\"margin-bottom:var(--wp--preset--spacing--40)\">\n<h2 class=\"wp-block-heading has-small-font-size\" style=\"margin-top:0;margin-bottom:0.5rem\"><strong><strong>Servicios Postventa<\/strong><\/strong><\/h2>\n\n\n\n<p>En&nbsp;<strong>Mitchell&#8217;s Prestige Properties<\/strong>, mantenemos nuestro compromiso de apoyar a nuestros clientes incluso despu\u00e9s de la compraventa. Para los compradores interesados en la inversi\u00f3n, les ayudamos a encontrar inquilinos para alquileres a largo plazo y ofrecemos servicios completos de gesti\u00f3n de la propiedad, eliminando cualquier preocupaci\u00f3n sobre las responsabilidades diarias. Adem\u00e1s, si est\u00e1 interesado en alquileres a corto plazo, podemos recomendarle especialistas de confianza en alquileres vacacionales.<\/p>\n\n\n\n<p>Le facilitamos acceso a una amplia red de expertos, desde asesores fiscales hasta peritos y arquitectos t\u00e9cnicos. Tambi\u00e9n contamos con dise\u00f1adores de interiores y constructores de confianza para proyectos de reformas, as\u00ed como con un decorador interno especializado en&nbsp;<strong>Home Staging<\/strong>, quien puede ayudarle a personalizar su hogar seg\u00fan sus preferencias.<\/p>\n\n\n\n<p>Y eso es solo el comienzo. Nuestro objetivo es hacer que todo el proceso sea lo m\u00e1s sencillo, fluido y satisfactorio posible, brind\u00e1ndole un servicio integral a lo largo de su viaje.<\/p>\n<\/div>\n\n\n\n<figure class=\"wp-block-image aligncenter size-full wp-duotone-duotone-2\" style=\"margin-bottom:var(--wp--preset--spacing--40)\"><img loading=\"lazy\" decoding=\"async\" width=\"1500\" height=\"500\" src=\"https:\/\/www.mitchellspp.net\/wp-content\/uploads\/2026\/01\/about-us-2.jpg\" alt=\"\" class=\"wp-image-225656\" style=\"object-fit:cover\" srcset=\"https:\/\/www.mitchellspp.net\/wp-content\/uploads\/2026\/01\/about-us-2.jpg 1500w, https:\/\/www.mitchellspp.net\/wp-content\/uploads\/2026\/01\/about-us-2-300x100.jpg 300w, https:\/\/www.mitchellspp.net\/wp-content\/uploads\/2026\/01\/about-us-2-1024x341.jpg 1024w, https:\/\/www.mitchellspp.net\/wp-content\/uploads\/2026\/01\/about-us-2-768x256.jpg 768w\" sizes=\"auto, (max-width: 1500px) 100vw, 1500px\" \/><\/figure>\n\n\n\n<div class=\"wp-block-group jaleo-60-content-conatiner has-global-padding is-layout-constrained wp-block-group-is-layout-constrained\" style=\"margin-bottom:var(--wp--preset--spacing--40)\">\n<h2 class=\"wp-block-heading has-small-font-size\" style=\"margin-top:0;margin-right:0.5rem;margin-bottom:0.5rem\"><strong><strong>\u00bfC\u00f3mo funciona el sector inmobiliario en Espa\u00f1a?<\/strong><\/strong><\/h2>\n\n\n\n<p>A diferencia de otros pa\u00edses, donde cada agencia inmobiliaria tiene sus propias captaciones exclusivas, en Espa\u00f1a, y particularmente en la Costa del Sol, las agencias comparten acceso a los listados de todas las agencias. Esto significa que, al trabajar con nosotros, tendr\u00e1 acceso a una amplia selecci\u00f3n de propiedades disponibles en toda la costa. Este sistema de colaboraci\u00f3n ha demostrado ser la forma m\u00e1s eficaz para conectar a compradores y vendedores, garantizando que siempre encuentre la propiedad adecuada.<\/p>\n\n\n\n<p>La clave est\u00e1 en encontrar una agencia con la que se sienta c\u00f3modo y en la que conf\u00ede, para que priorice sus intereses y le gu\u00ede de manera experta en todo el proceso. Una vez que elija trabajar con nosotros, nos encargaremos del resto. Solo necesitamos que nos comparta sus criterios, y a partir de ah\u00ed, buscaremos las propiedades que mejor se adapten a sus necesidades y deseos.<\/p>\n<\/div>\n\n\n\n<div class=\"wp-block-group jaleo-60-content-conatiner has-global-padding is-layout-constrained wp-block-group-is-layout-constrained\" style=\"margin-bottom:var(--wp--preset--spacing--40)\">\n<h2 class=\"wp-block-heading has-small-font-size\" style=\"margin-top:0;margin-bottom:0.5rem\"><strong><strong>\u00bfDesea vender su propiedad?<\/strong><\/strong><\/h2>\n\n\n\n<p>Con m\u00e1s de 20 a\u00f1os de experiencia en el mercado inmobiliario, conocemos a fondo todo el proceso de compraventa, y nos aseguramos de que cada transacci\u00f3n sea lo m\u00e1s fluida posible. Adem\u00e1s, tenemos a disposici\u00f3n nuestro asistente jur\u00eddico interno, lo que garantiza que su experiencia sea sin contratiempos desde el principio hasta el final.<\/p>\n\n\n\n<p>Gracias a nuestros dos sistemas internos de multilisting, aseguramos una exposici\u00f3n completa de su propiedad a trav\u00e9s de plataformas internacionales y agencias colaboradoras, maximizando su visibilidad en el mercado.<\/p>\n\n\n\n<p>Contamos con oficinas estrat\u00e9gicamente ubicadas en&nbsp;<strong>Fuengirola<\/strong>&nbsp;(IPP Spain) y&nbsp;<strong>Marbella<\/strong>&nbsp;(Mitchell&#8217;s), donde un equipo de 10 profesionales altamente dedicados ofrece atenci\u00f3n personalizada a cada uno de nuestros clientes, garantizando un servicio excepcional en todo momento.&#8221;<\/p>\n<\/div>\n","protected":false},"excerpt":{"rendered":"<p>Sobre nosotros \u00bfPor qu\u00e9 trabajar con Mitchells? Mitchell&#8217;s Prestige Properties&nbsp;es una agencia inmobiliaria de lujo en la Costa del Sol, fundada por Dixie Mitchell, una experta con m\u00e1s de 20 a\u00f1os de experiencia en el sector. Nos especializamos en atender a clientes que buscan propiedades para una segunda residencia, inversiones rentables o simplemente un cambio [&hellip;]<\/p>\n","protected":false},"author":8,"featured_media":0,"parent":0,"menu_order":6,"comment_status":"closed","ping_status":"closed","template":"fixed-header-page","meta":{"_acf_changed":false,"footnotes":""},"class_list":["post-225805","page","type-page","status-publish","hentry"],"acf":[],"_links":{"self":[{"href":"https:\/\/www.mitchellspp.net\/es\/wp-json\/wp\/v2\/pages\/225805","targetHints":{"allow":["GET"]}}],"collection":[{"href":"https:\/\/www.mitchellspp.net\/es\/wp-json\/wp\/v2\/pages"}],"about":[{"href":"https:\/\/www.mitchellspp.net\/es\/wp-json\/wp\/v2\/types\/page"}],"author":[{"embeddable":true,"href":"https:\/\/www.mitchellspp.net\/es\/wp-json\/wp\/v2\/users\/8"}],"replies":[{"embeddable":true,"href":"https:\/\/www.mitchellspp.net\/es\/wp-json\/wp\/v2\/comments?post=225805"}],"version-history":[{"count":9,"href":"https:\/\/www.mitchellspp.net\/es\/wp-json\/wp\/v2\/pages\/225805\/revisions"}],"predecessor-version":[{"id":226205,"href":"https:\/\/www.mitchellspp.net\/es\/wp-json\/wp\/v2\/pages\/225805\/revisions\/226205"}],"wp:attachment":[{"href":"https:\/\/www.mitchellspp.net\/es\/wp-json\/wp\/v2\/media?parent=225805"}],"curies":[{"name":"wp","href":"https:\/\/api.w.org\/{rel}","templated":true}]}}