{"id":225801,"date":"2017-11-24T07:09:59","date_gmt":"2017-11-24T06:09:59","guid":{"rendered":"https:\/\/www.mitchellspp.net\/contact-us"},"modified":"2026-02-20T12:26:42","modified_gmt":"2026-02-20T11:26:42","slug":"contacto","status":"publish","type":"page","link":"https:\/\/www.mitchellspp.net\/es\/contacto","title":{"rendered":"Cont\u00e1ctanos"},"content":{"rendered":"\n<div class=\"wp-block-group alignwide has-global-padding is-layout-constrained wp-container-core-group-is-layout-c3020db1 wp-block-group-is-layout-constrained\" style=\"margin-bottom:var(--wp--preset--spacing--20)\">\n<h1 class=\"wp-block-heading has-text-align-center has-large-font-size\" style=\"margin-bottom:var(--wp--preset--spacing--10);text-transform:uppercase\">Contacte con Mitchell&#8217;s Prestige Properties<\/h1>\n\n\n\n<p class=\"has-text-align-left\" style=\"margin-top:0;margin-right:0\">Nuestro equipo est\u00e1 aqu\u00ed para guiarle en cada paso del proceso de compra de la casa de sus sue\u00f1os en Espa\u00f1a. Nos enorgullece ofrecer un servicio honesto y profesional, asegurando que cada detalle se maneje con el mayor cuidado, desde el primer contacto hasta la entrega de las llaves.<\/p>\n\n\n\n<p class=\"has-text-align-left\">Al trabajar con nosotros, tendr\u00e1 acceso a todas las propiedades disponibles en el mercado, incluidas tanto propiedades sobre plano como viviendas ya existentes. Especializados exclusivamente en el mercado de lujo, Mitchell&#8217;s le ofrece una experiencia \u00fanica, garantizando que reciba el asesoramiento adecuado y la confianza necesaria para tomar la mejor decisi\u00f3n en su compra.&#8221;<\/p>\n<\/div>\n\n\n\n<div class=\"wp-block-columns is-layout-flex wp-container-core-columns-is-layout-a5cf46d6 wp-block-columns-is-layout-flex\" style=\"margin-bottom:var(--wp--preset--spacing--40)\">\n<div class=\"wp-block-column is-vertically-aligned-top is-layout-flow wp-block-column-is-layout-flow\">\n<div class=\"wp-block-group jaleo--property-contact-form  contact-page has-global-padding is-layout-constrained wp-block-group-is-layout-constrained\"><form id=\"property_form\" class=\"jaleo--property-form\" action=\"\" method=\"POST\" onsubmit=\"inm_validate(this); return false;\" data-contact=\"property_form\" data-lead-sent-ok=\"Su mensaje ha sido enviado.\" data-sitekey=\"6Lcf5oEsAAAAAMsNb34EIslqN7oRT7OyrnhOejO1\"><input type=\"hidden\" name=\"subject\" value=\"Contacto desde Propiedad \/es\/wp-json\/wp\/v2\/pages\/225801\" \/><input type=\"hidden\" name=\"source\" value=\"https:\/\/www.mitchellspp.net\/es\/wp-json\/wp\/v2\/pages\/225801\" \/><input type=\"hidden\" name=\"g-recaptcha-response\" value=\"\" \/><input type=\"hidden\" name=\"success\" value=\"\/es\/exito\" \/><div class=\"jaleo--label-input\"><label name=\"name\">Nombre completo<\/label><input name=\"name\" type=\"text\" autocomplete=\"off\" required data-error=\"Nombre obligatorio\" \/><\/div><div class=\"jaleo--label-input\"><label name=\"email\">Email<\/label><input name=\"email\" type=\"email\" autocomplete=\"off\" required data-error=\"Email obligatorio\" \/><\/div><div class=\"jaleo--label-input\"><label name=\"phone\">M\u00f3vil<\/label><input name=\"phone\" type=\"tel\" autocomplete=\"off\" data-error=\"Los n\u00fameros de tel\u00e9fono deben tener entre 8 y 20 d\u00edgitos\" \/><\/div><div class=\"jaleo--label-input\"><label name=\"comment\">Comentarios<\/label><textarea name=\"comment\" rows=\"6\">D\u00e9jenos sus comentarios o preguntas.<\/textarea><\/div><div class=\"jaleo--custom-checkbox\"><input type=\"checkbox\" id=\"property_form-property_form-customCheck1\" name=\"privacy_policy\" required data-error=\"Campo Obligatorio\" \/><label for=\"property_form-property_form-customCheck1\">Acepto la  <a href=\"\/es\/politica-de-privacidad\" target=\"_blank\">Pol\u00edtica de privacidad<\/a><\/label><\/div><div class=\"jaleo--custom-checkbox\"><input type=\"checkbox\" id=\"property_form-property_form-customCheck2\" name=\"commercial_information\" \/><label for=\"property_form-property_form-customCheck2\">Acepto recibir informaci\u00f3n por email<\/label><\/div><button data-ids=\"property_form\" data-lang=\"\" class=\"btn jaleo--formbutton g-recaptcha\" type=\"submit\"><span id=\"text-send\">Enviar<\/span> <span id=\"spinner-send\"><\/span><\/button><\/form><script src=\"https:\/\/www.google.com\/recaptcha\/api.js?render=6Lcf5oEsAAAAAMsNb34EIslqN7oRT7OyrnhOejO1&hl=\"><\/script>\n<\/div>\n<\/div>\n\n\n\n<div class=\"wp-block-column is-vertically-aligned-center is-layout-flow wp-block-column-is-layout-flow\">\n<figure class=\"wp-block-image aligncenter size-full is-resized has-custom-border wp-duotone-duotone-2\"><img loading=\"lazy\" decoding=\"async\" width=\"218\" height=\"218\" src=\"https:\/\/www.mitchellspp.net\/wp-content\/uploads\/2026\/01\/lister-edited.jpg\" alt=\"\" class=\"wp-image-225717\" style=\"border-style:none;border-width:0px;border-top-left-radius:50%;border-top-right-radius:50%;border-bottom-left-radius:50%;border-bottom-right-radius:50%;aspect-ratio:1;object-fit:cover;width:201px;height:auto\" srcset=\"https:\/\/www.mitchellspp.net\/wp-content\/uploads\/2026\/01\/lister-edited.jpg 218w, https:\/\/www.mitchellspp.net\/wp-content\/uploads\/2026\/01\/lister-edited-150x150.jpg 150w\" sizes=\"auto, (max-width: 218px) 100vw, 218px\" \/><\/figure>\n\n\n\n<p class=\"has-text-align-center\"><em><em>Mi filosof\u00eda de Vida:<\/em><br>\u201c<em>Confianza Transparencia y Compromiso<\/em>\u201c<\/em><\/p>\n\n\n\n<p class=\"has-text-align-center\"><strong>Dixie Mitchell<\/strong><br>Propietaria y Directora General<a href=\"tel:+34677433728\"><\/a><\/p>\n\n\n\n<div class=\"wp-block-buttons is-content-justification-center is-layout-flex wp-container-core-buttons-is-layout-c3d5205c wp-block-buttons-is-layout-flex\" style=\"margin-top:0;margin-bottom:0\">\n<div class=\"wp-block-button\"><a class=\"wp-block-button__link has-text-align-center wp-element-button\">+34 677 43 37 28<\/a><\/div>\n<\/div>\n<\/div>\n<\/div>\n","protected":false},"excerpt":{"rendered":"<p>Contacte con Mitchell&#8217;s Prestige Properties Nuestro equipo est\u00e1 aqu\u00ed para guiarle en cada paso del proceso de compra de la casa de sus sue\u00f1os en Espa\u00f1a. Nos enorgullece ofrecer un servicio honesto y profesional, asegurando que cada detalle se maneje con el mayor cuidado, desde el primer contacto hasta la entrega de las llaves. Al [&hellip;]<\/p>\n","protected":false},"author":8,"featured_media":0,"parent":0,"menu_order":3,"comment_status":"closed","ping_status":"closed","template":"fixed-header-page","meta":{"_acf_changed":false,"footnotes":""},"class_list":["post-225801","page","type-page","status-publish","hentry"],"acf":[],"_links":{"self":[{"href":"https:\/\/www.mitchellspp.net\/es\/wp-json\/wp\/v2\/pages\/225801","targetHints":{"allow":["GET"]}}],"collection":[{"href":"https:\/\/www.mitchellspp.net\/es\/wp-json\/wp\/v2\/pages"}],"about":[{"href":"https:\/\/www.mitchellspp.net\/es\/wp-json\/wp\/v2\/types\/page"}],"author":[{"embeddable":true,"href":"https:\/\/www.mitchellspp.net\/es\/wp-json\/wp\/v2\/users\/8"}],"replies":[{"embeddable":true,"href":"https:\/\/www.mitchellspp.net\/es\/wp-json\/wp\/v2\/comments?post=225801"}],"version-history":[{"count":7,"href":"https:\/\/www.mitchellspp.net\/es\/wp-json\/wp\/v2\/pages\/225801\/revisions"}],"predecessor-version":[{"id":226003,"href":"https:\/\/www.mitchellspp.net\/es\/wp-json\/wp\/v2\/pages\/225801\/revisions\/226003"}],"wp:attachment":[{"href":"https:\/\/www.mitchellspp.net\/es\/wp-json\/wp\/v2\/media?parent=225801"}],"curies":[{"name":"wp","href":"https:\/\/api.w.org\/{rel}","templated":true}]}}